{"id":14,"date":"2026-05-03T19:22:43","date_gmt":"2026-05-03T19:22:43","guid":{"rendered":"https:\/\/obs-alex-abschlussball.de\/start\/"},"modified":"2026-05-03T22:12:03","modified_gmt":"2026-05-03T22:12:03","slug":"start","status":"publish","type":"page","link":"https:\/\/obs-alex-abschlussball.de\/en\/","title":{"rendered":"Start"},"content":{"rendered":"\n<div class=\"wp-block-group alignfull ext-hero-section is-style-ext-preset--group--natural-1--section ext-animate--on has-background-background-color has-background has-global-padding is-layout-constrained wp-container-core-group-is-layout-e96f6837 wp-block-group-is-layout-constrained is-style-ext-preset--group--natural-1--section--1\" style=\"margin-top:0;margin-bottom:0;padding-top:0;padding-right:0;padding-bottom:0;padding-left:0\">\n<div class=\"wp-block-cover alignfull has-custom-content-position is-position-bottom-center is-style-ext-preset--cover--natural-1--cover-overlay-1 ext-animate--on is-style-ext-preset--cover--natural-1--cover-overlay-1--2\" style=\"padding-top:var(--wp--preset--spacing--55);padding-right:var(--wp--preset--spacing--30);padding-bottom:var(--wp--preset--spacing--55);padding-left:var(--wp--preset--spacing--30);min-height:80vh;aspect-ratio:unset;\"><img loading=\"lazy\" decoding=\"async\" width=\"1024\" height=\"1024\" class=\"wp-block-cover__image-background wp-image-51\" alt=\"\" src=\"https:\/\/obs-alex-abschlussball.de\/wp-content\/uploads\/2026\/05\/image.jpg\" data-object-fit=\"cover\" srcset=\"https:\/\/obs-alex-abschlussball.de\/wp-content\/uploads\/2026\/05\/image.jpg 1024w, https:\/\/obs-alex-abschlussball.de\/wp-content\/uploads\/2026\/05\/image-300x300.jpg 300w, https:\/\/obs-alex-abschlussball.de\/wp-content\/uploads\/2026\/05\/image-150x150.jpg 150w, https:\/\/obs-alex-abschlussball.de\/wp-content\/uploads\/2026\/05\/image-768x768.jpg 768w, https:\/\/obs-alex-abschlussball.de\/wp-content\/uploads\/2026\/05\/image-12x12.jpg 12w\" sizes=\"auto, (max-width: 1024px) 100vw, 1024px\" \/><span aria-hidden=\"true\" class=\"wp-block-cover__background has-background-dim-80 has-background-dim wp-block-cover__gradient-background has-background-gradient\" style=\"background:linear-gradient(20deg,rgb(1,1,1) 0%,rgba(0,0,0,0.15) 100%)\"><\/span><div class=\"wp-block-cover__inner-container has-global-padding is-layout-constrained wp-container-core-cover-is-layout-8484a25a wp-block-cover-is-layout-constrained\">\n<div class=\"wp-block-group alignwide ext-is-logical-start ext-animate--on has-global-padding is-content-justification-left is-layout-constrained wp-container-core-group-is-layout-3b932508 wp-block-group-is-layout-constrained\">\n<h1 class=\"wp-block-heading has-text-align-left ext-animate--on has-text-color has-link-color wp-elements-a0a7652136c72aab37f9dd75af0b8512\" style=\"color:#fefefe\">Unvergessliche Momente beim Abschlussball<\/h1>\n\n\n\n<div class=\"wp-block-buttons ext-animate--on is-layout-flex wp-block-buttons-is-layout-flex\">\n<div class=\"wp-block-button is-style-ext-preset--button--natural-1--button-1 ext-animate--on is-style-ext-preset--button--natural-1--button-1--3\"><a class=\"wp-block-button__link has-text-color has-background has-link-color wp-element-button\" href=\"https:\/\/obs-alex-abschlussball.de\/galerie\" style=\"color:#060606;background-color:#fefefe\">Jetzt entdecken<\/a><\/div>\n<\/div>\n<\/div>\n<\/div><\/div>\n<\/div>\n\n\n\n<div class=\"wp-block-group alignfull is-style-ext-preset--group--natural-1--section has-tertiary-background-color has-background has-global-padding is-layout-constrained wp-block-group-is-layout-constrained is-style-ext-preset--group--natural-1--section--4\" style=\"margin-top:0;margin-bottom:0;padding-top:var(--wp--preset--spacing--70);padding-bottom:var(--wp--preset--spacing--70)\">\n<div class=\"wp-block-columns alignwide are-vertically-aligned-center is-layout-flex wp-container-core-columns-is-layout-174606dc wp-block-columns-is-layout-flex\">\n<div class=\"wp-block-column is-vertically-aligned-center is-layout-flow wp-block-column-is-layout-flow\">\n<h2 class=\"wp-block-heading ext-animate--on\">Willkommen zum OBS-Alex-Abschlussball<\/h2>\n\n\n\n<p class=\"ext-animate--on\" style=\"margin-top:1.5rem\">Erleben Sie den Countdown zum unvergesslichen Abschlussball unter dem Motto &#8222;Red Carpet&#8220; und entdecken Sie alle wichtigen Informationen f\u00fcr diesen besonderen Abend.<\/p>\n<\/div>\n\n\n\n<div class=\"wp-block-column is-vertically-aligned-center is-layout-flow wp-block-column-is-layout-flow\"><\/div>\n<\/div>\n<\/div>\n\n\n\n<div class=\"wp-block-group alignfull is-style-ext-preset--group--natural-1--section has-background-background-color has-background has-global-padding is-layout-constrained wp-container-core-group-is-layout-e955bbaf wp-block-group-is-layout-constrained is-style-ext-preset--group--natural-1--section--5\" id=\"ueber\" style=\"margin-top:0;margin-bottom:0;padding-top:var(--wp--preset--spacing--70);padding-bottom:var(--wp--preset--spacing--70)\">\n<div class=\"wp-block-group alignwide ext-is-logical-start has-global-padding is-content-justification-left is-layout-constrained wp-container-core-group-is-layout-6729bdbe wp-block-group-is-layout-constrained\">\n<h2 class=\"wp-block-heading ext-animate--on\">Countdown beginnt am 19.06.2026 um 20:00 Uhr<\/h2>\n\n\n\n<p class=\"has-text-align-left ext-animate--on\">Erleben Sie spannende Fakten und Highlights rund um unseren einzigartigen Abschlussball.<\/p>\n<\/div>\n\n\n\n<div class=\"wp-block-columns alignwide is-layout-flex wp-container-core-columns-is-layout-174606dc wp-block-columns-is-layout-flex\">\n<div class=\"wp-block-column is-vertically-aligned-stretch ext-animate--on is-layout-flow wp-container-core-column-is-layout-119bc444 wp-block-column-is-layout-flow\">\n<div class=\"wp-block-cover is-style-ext-preset--image--natural-1--image-1--content-bottom is-style-ext-preset--image--natural-1--image-1--content-bottom--6\" style=\"padding-top:0;padding-bottom:0;min-height:100%;aspect-ratio:unset;\"><img loading=\"lazy\" decoding=\"async\" width=\"1440\" height=\"1259\" class=\"wp-block-cover__image-background wp-image-32\" alt=\"\" src=\"https:\/\/obs-alex-abschlussball.de\/wp-content\/uploads\/2026\/05\/a31b4826f4edfd2117e565c45b28670d25d64320.jpg\" data-object-fit=\"cover\" srcset=\"https:\/\/obs-alex-abschlussball.de\/wp-content\/uploads\/2026\/05\/a31b4826f4edfd2117e565c45b28670d25d64320.jpg 1440w, https:\/\/obs-alex-abschlussball.de\/wp-content\/uploads\/2026\/05\/a31b4826f4edfd2117e565c45b28670d25d64320-300x262.jpg 300w, https:\/\/obs-alex-abschlussball.de\/wp-content\/uploads\/2026\/05\/a31b4826f4edfd2117e565c45b28670d25d64320-1024x895.jpg 1024w, https:\/\/obs-alex-abschlussball.de\/wp-content\/uploads\/2026\/05\/a31b4826f4edfd2117e565c45b28670d25d64320-768x671.jpg 768w, https:\/\/obs-alex-abschlussball.de\/wp-content\/uploads\/2026\/05\/a31b4826f4edfd2117e565c45b28670d25d64320-14x12.jpg 14w\" sizes=\"auto, (max-width: 1440px) 100vw, 1440px\" \/><span aria-hidden=\"true\" class=\"wp-block-cover__background has-background-dim-0 has-background-dim\"><\/span><div class=\"wp-block-cover__inner-container is-layout-flow wp-block-cover-is-layout-flow\">\n<div style=\"height:240px\" aria-hidden=\"true\" class=\"wp-block-spacer\"><\/div>\n<\/div><\/div>\n<\/div>\n\n\n\n<div class=\"wp-block-column is-vertically-aligned-center is-layout-flow wp-block-column-is-layout-flow\">\n<div class=\"wp-block-columns is-layout-flex wp-container-core-columns-is-layout-87beb0d0 wp-block-columns-is-layout-flex\">\n<div class=\"wp-block-column is-vertically-aligned-stretch ext-animate--on is-layout-flow wp-block-column-is-layout-flow\">\n<div class=\"wp-block-group is-style-ext-preset--group--natural-1--item-card-1--align-start has-global-padding is-layout-constrained wp-block-group-is-layout-constrained is-style-ext-preset--group--natural-1--item-card-1--align-start--7\">\n<div class=\"wp-block-group is-style-default has-global-padding is-layout-constrained wp-block-group-is-layout-constrained\">\n<h3 class=\"wp-block-heading has-primary-color has-text-color has-link-color has-x-large-font-size wp-elements-d96683c1cba36848d7e3f575a4f9ea45\">Nur noch: <\/h3>\n\n\n\n\n\n\n<h3 class=\"wp-block-heading\">Tage bis zum Event<\/h3>\n\n\n\n<p>Nur noch wenige Wochen bis zum glamour\u00f6sen Finale unserer Schulzeit!<\/p>\n<\/div>\n<\/div>\n<\/div>\n\n\n\n<div class=\"wp-block-column is-vertically-aligned-stretch ext-animate--on is-layout-flow wp-block-column-is-layout-flow\">\n<div class=\"wp-block-group is-style-ext-preset--group--natural-1--item-card-1--align-start has-global-padding is-layout-constrained wp-block-group-is-layout-constrained is-style-ext-preset--group--natural-1--item-card-1--align-start--8\">\n<div class=\"wp-block-group is-style-default has-global-padding is-layout-constrained wp-block-group-is-layout-constrained\">\n<h3 class=\"wp-block-heading has-primary-color has-text-color has-link-color has-x-large-font-size wp-elements-74cc1e4bdd882fb93b7b05cdab0cf06a\">5<\/h3>\n\n\n\n<h3 class=\"wp-block-heading\">Sprachen verf\u00fcgbar<\/h3>\n\n\n\n<p>W\u00e4hlen Sie Ihre bevorzugte Sprache f\u00fcr ein pers\u00f6nliches Erlebnis.<\/p>\n<\/div>\n<\/div>\n<\/div>\n<\/div>\n\n\n\n<div class=\"wp-block-columns is-layout-flex wp-container-core-columns-is-layout-87beb0d0 wp-block-columns-is-layout-flex\">\n<div class=\"wp-block-column is-vertically-aligned-stretch ext-animate--on is-layout-flow wp-block-column-is-layout-flow\">\n<div class=\"wp-block-group is-style-ext-preset--group--natural-1--item-card-1--align-start has-global-padding is-layout-constrained wp-block-group-is-layout-constrained is-style-ext-preset--group--natural-1--item-card-1--align-start--9\">\n<div class=\"wp-block-group is-style-default has-global-padding is-layout-constrained wp-block-group-is-layout-constrained\">\n<h3 class=\"wp-block-heading has-primary-color has-text-color has-link-color has-x-large-font-size wp-elements-065e560bac456095c13e2fa7746d7f2e\">7<\/h3>\n\n\n\n<h3 class=\"wp-block-heading\">Veranstaltungen geplant<\/h3>\n\n\n\n<p>Freuen Sie sich auf sieben exklusive Programmpunkte im Festablauf.<\/p>\n<\/div>\n<\/div>\n<\/div>\n\n\n\n<div class=\"wp-block-column is-vertically-aligned-stretch ext-animate--on is-layout-flow wp-block-column-is-layout-flow\">\n<div class=\"wp-block-group is-style-ext-preset--group--natural-1--item-card-1--align-start has-global-padding is-layout-constrained wp-block-group-is-layout-constrained is-style-ext-preset--group--natural-1--item-card-1--align-start--10\">\n<div class=\"wp-block-group is-style-default has-global-padding is-layout-constrained wp-block-group-is-layout-constrained\">\n<h3 class=\"wp-block-heading has-primary-color has-text-color has-link-color has-x-large-font-size wp-elements-8e614bab488bf9af4f7a5a65322e06b0\">3<\/h3>\n\n\n\n<h3 class=\"wp-block-heading\">Komitees aktiv<\/h3>\n\n\n\n<p>Drei engagierte Teams arbeiten hinter den Kulissen f\u00fcr einen perfekten Abend.<\/p>\n<\/div>\n<\/div>\n<\/div>\n<\/div>\n<\/div>\n<\/div>\n<\/div>\n\n\n\n<div class=\"wp-block-group alignfull is-style-ext-preset--group--natural-1--section has-tertiary-background-color has-background has-global-padding is-layout-constrained wp-block-group-is-layout-constrained is-style-ext-preset--group--natural-1--section--11\" style=\"margin-top:0;margin-bottom:0;padding-top:0;padding-bottom:0\">\n<div class=\"wp-block-cover alignfull is-style-ext-preset--cover--natural-1--cover-overlay-1 is-style-ext-preset--cover--natural-1--cover-overlay-1--12\" style=\"padding-top:var(--wp--preset--spacing--70);padding-right:var(--wp--preset--spacing--30);padding-bottom:var(--wp--preset--spacing--70);padding-left:var(--wp--preset--spacing--30)\"><img loading=\"lazy\" decoding=\"async\" width=\"1440\" height=\"961\" class=\"wp-block-cover__image-background wp-image-33\" alt=\"\" src=\"https:\/\/obs-alex-abschlussball.de\/wp-content\/uploads\/2026\/05\/73a1d03211b41942dace3b39d7a89a7a7762b9d4.jpg\" data-object-fit=\"cover\" srcset=\"https:\/\/obs-alex-abschlussball.de\/wp-content\/uploads\/2026\/05\/73a1d03211b41942dace3b39d7a89a7a7762b9d4.jpg 1440w, https:\/\/obs-alex-abschlussball.de\/wp-content\/uploads\/2026\/05\/73a1d03211b41942dace3b39d7a89a7a7762b9d4-300x200.jpg 300w, https:\/\/obs-alex-abschlussball.de\/wp-content\/uploads\/2026\/05\/73a1d03211b41942dace3b39d7a89a7a7762b9d4-1024x683.jpg 1024w, https:\/\/obs-alex-abschlussball.de\/wp-content\/uploads\/2026\/05\/73a1d03211b41942dace3b39d7a89a7a7762b9d4-768x513.jpg 768w, https:\/\/obs-alex-abschlussball.de\/wp-content\/uploads\/2026\/05\/73a1d03211b41942dace3b39d7a89a7a7762b9d4-18x12.jpg 18w\" sizes=\"auto, (max-width: 1440px) 100vw, 1440px\" \/><span aria-hidden=\"true\" class=\"wp-block-cover__background has-background-dim-80 has-background-dim\" style=\"background-color:#010101\"><\/span><div class=\"wp-block-cover__inner-container has-global-padding is-layout-constrained wp-container-core-cover-is-layout-5cffc2c1 wp-block-cover-is-layout-constrained\">\n<div class=\"wp-block-group alignwide ext-is-logical-start has-global-padding is-content-justification-left is-layout-constrained wp-container-core-group-is-layout-19fdcb70 wp-block-group-is-layout-constrained\">\n<h2 class=\"wp-block-heading has-text-align-left ext-animate--on\">Willkommen beim OBS-Alex-Abschlussball \u201eRed Carpet\u201c<\/h2>\n\n\n\n<p class=\"has-text-align-left ext-animate--on\" style=\"margin-top:1.5rem\">Sei dabei, melde dich jetzt an und sichere dir deinen Platz f\u00fcr einen unvergesslichen Abend voller Glamour und Spa\u00df.<\/p>\n\n\n\n<div class=\"wp-block-buttons ext-animate--on is-layout-flex wp-block-buttons-is-layout-flex\">\n<div class=\"wp-block-button is-style-ext-preset--button--natural-1--button-1 is-style-ext-preset--button--natural-1--button-1--13\"><a class=\"wp-block-button__link wp-element-button\" href=\"https:\/\/obs-alex-abschlussball.de\/galerie\">Jetzt entdecken<\/a><\/div>\n<\/div>\n<\/div>\n<\/div><\/div>\n<\/div>\n\n\n\n<div class=\"wp-block-group alignfull has-global-padding is-layout-constrained wp-block-group-is-layout-constrained\">\n<h2 class=\"wp-block-heading has-text-align-center\">Login<\/h2>\n\n\n<p>[wp_login_form]<\/p>\n<\/div>\n\n\n\n<div class=\"wp-block-group alignfull is-style-ext-preset--group--natural-1--section has-tertiary-background-color has-background has-global-padding is-layout-constrained wp-block-group-is-layout-constrained is-style-ext-preset--group--natural-1--section--14\" style=\"margin-top:0;margin-bottom:0;padding-top:var(--wp--preset--spacing--70);padding-bottom:var(--wp--preset--spacing--70)\">\n<div class=\"wp-block-columns alignwide are-vertically-aligned-center is-layout-flex wp-container-core-columns-is-layout-174606dc wp-block-columns-is-layout-flex\">\n<div class=\"wp-block-column is-vertically-aligned-center is-layout-flow wp-block-column-is-layout-flow\">\n<h2 class=\"wp-block-heading ext-animate--on\">OBS-Alex-Abschlussball<\/h2>\n\n\n\n<div class=\"wp-block-group ext-animate--on is-nowrap is-layout-flex wp-container-core-group-is-layout-6fee25ed wp-block-group-is-layout-flex\" style=\"margin-top:24px;padding-top:0;padding-right:0;padding-bottom:0;padding-left:0\">\n<div class=\"wp-block-group is-nowrap is-layout-flex wp-container-core-group-is-layout-2ca071df wp-block-group-is-layout-flex\" style=\"padding-top:0;padding-right:0;padding-bottom:0;padding-left:0\">\n<figure class=\"wp-block-image size-large wp-container-content-c42f3963 wp-duotone-primary-foreground\"><img decoding=\"async\" src=\"data:image\/svg+xml;base64,PHN2ZyB4bWxucz0iaHR0cDovL3d3dy53My5vcmcvMjAwMC9zdmciIHdpZHRoPSIyNCIgaGVpZ2h0PSIyNCIgZmlsbD0iIzAwMDAwMCIgdmlld0JveD0iMCAwIDI1NiAyNTYiPjxwYXRoIGQ9Ik0yMDgsMzJIMTg0VjI0YTgsOCwwLDAsMC0xNiwwdjhIODhWMjRhOCw4LDAsMCwwLTE2LDB2OEg0OEExNiwxNiwwLDAsMCwzMiw0OFYyMDhhMTYsMTYsMCwwLDAsMTYsMTZIMjA4YTE2LDE2LDAsMCwwLDE2LTE2VjQ4QTE2LDE2LDAsMCwwLDIwOCwzMlpNNzIsNDh2OGE4LDgsMCwwLDAsMTYsMFY0OGg4MHY4YTgsOCwwLDAsMCwxNiwwVjQ4aDI0VjgwSDQ4VjQ4Wk0yMDgsMjA4SDQ4Vjk2SDIwOFYyMDhabS02OC03NmExMiwxMiwwLDEsMS0xMi0xMkExMiwxMiwwLDAsMSwxNDAsMTMyWm00NCwwYTEyLDEyLDAsMSwxLTEyLTEyQTEyLDEyLDAsMCwxLDE4NCwxMzJaTTk2LDE3MmExMiwxMiwwLDEsMS0xMi0xMkExMiwxMiwwLDAsMSw5NiwxNzJabTQ0LDBhMTIsMTIsMCwxLDEtMTItMTJBMTIsMTIsMCwwLDEsMTQwLDE3MlptNDQsMGExMiwxMiwwLDEsMS0xMi0xMkExMiwxMiwwLDAsMSwxODQsMTcyWiI+PC9wYXRoPjwvc3ZnPg==\" alt=\"\"\/><\/figure>\n\n\n\n<p class=\"wp-container-content-9cfa9a5a\" style=\"font-size:clamp(14px, 0.875rem + ((1vw - 3.2px) * 0.417), 18px);\">Datum<\/p>\n<\/div>\n\n\n\n<div class=\"wp-block-group is-nowrap is-layout-flex wp-container-core-group-is-layout-2ca071df wp-block-group-is-layout-flex\" style=\"padding-top:0;padding-right:0;padding-bottom:0;padding-left:0\">\n<figure class=\"wp-block-image size-large wp-duotone-primary-foreground\"><img decoding=\"async\" src=\"data:image\/svg+xml;base64,PHN2ZyB4bWxucz0iaHR0cDovL3d3dy53My5vcmcvMjAwMC9zdmciIHdpZHRoPSIyNCIgaGVpZ2h0PSIyNCIgZmlsbD0iIzAwMDAwMCIgdmlld0JveD0iMCAwIDI1NiAyNTYiPjxwYXRoIGQ9Ik0xMjgsNjRhNDAsNDAsMCwxLDAsNDAsNDBBNDAsNDAsMCwwLDAsMTI4LDY0Wm0wLDY0YTI0LDI0LDAsMSwxLDI0LTI0QTI0LDI0LDAsMCwxLDEyOCwxMjhabTAtMTEyYTg4LjEsODguMSwwLDAsMC04OCw4OGMwLDMxLjQsMTQuNTEsNjQuNjgsNDIsOTYuMjVhMjU0LjE5LDI1NC4xOSwwLDAsMCw0MS40NSwzOC4zLDgsOCwwLDAsMCw5LjE4LDBBMjU0LjE5LDI1NC4xOSwwLDAsMCwxNzQsMjAwLjI1YzI3LjQ1LTMxLjU3LDQyLTY0Ljg1LDQyLTk2LjI1QTg4LjEsODguMSwwLDAsMCwxMjgsMTZabTAsMjA2Yy0xNi41My0xMy03Mi02MC43NS03Mi0xMThhNzIsNzIsMCwwLDEsMTQ0LDBDMjAwLDE2MS4yMywxNDQuNTMsMjA5LDEyOCwyMjJaIj48L3BhdGg+PC9zdmc+\" alt=\"\"\/><\/figure>\n\n\n\n<p class=\"wp-container-content-9cfa9a5a\" style=\"font-size:clamp(14px, 0.875rem + ((1vw - 3.2px) * 0.417), 18px);\">Ort<\/p>\n<\/div>\n<\/div>\n\n\n\n<p class=\"ext-animate--on\">Erlebe einen unvergesslichen Abend auf dem Abschlussball der OBS Alex im glanzvollen &#8222;Red Carpet&#8220;-Stil. Genie\u00dfe den Countdown, das festliche Ambiente und w\u00e4hle deine Sprache, w\u00e4hrend du dich auf eine Nacht voller Freude und Gemeinschaft vorbereitest.<\/p>\n\n\n\n<div class=\"wp-block-buttons ext-animate--on is-layout-flex wp-block-buttons-is-layout-flex\">\n<div class=\"wp-block-button is-style-ext-preset--button--natural-1--button-1 is-style-ext-preset--button--natural-1--button-1--15\"><a class=\"wp-block-button__link wp-element-button\" href=\"https:\/\/obs-alex-abschlussball.de\/faq\">Mehr entdecken<\/a><\/div>\n<\/div>\n<\/div>\n\n\n\n<div class=\"wp-block-column is-vertically-aligned-center is-layout-flow wp-block-column-is-layout-flow\">\n<figure class=\"wp-block-image is-style-ext-preset--image--natural-1--image-1--content-left ext-animate--on is-style-ext-preset--image--natural-1--image-1--content-left--16\"><img loading=\"lazy\" decoding=\"async\" width=\"1440\" height=\"810\" src=\"https:\/\/obs-alex-abschlussball.de\/wp-content\/uploads\/2026\/05\/984300b38689677f8f077ca0e2fed6c3786eefb8.jpg\" alt=\"\" class=\"wp-image-31\" style=\"aspect-ratio:1;object-fit:cover\" srcset=\"https:\/\/obs-alex-abschlussball.de\/wp-content\/uploads\/2026\/05\/984300b38689677f8f077ca0e2fed6c3786eefb8.jpg 1440w, https:\/\/obs-alex-abschlussball.de\/wp-content\/uploads\/2026\/05\/984300b38689677f8f077ca0e2fed6c3786eefb8-300x169.jpg 300w, https:\/\/obs-alex-abschlussball.de\/wp-content\/uploads\/2026\/05\/984300b38689677f8f077ca0e2fed6c3786eefb8-1024x576.jpg 1024w, https:\/\/obs-alex-abschlussball.de\/wp-content\/uploads\/2026\/05\/984300b38689677f8f077ca0e2fed6c3786eefb8-768x432.jpg 768w, https:\/\/obs-alex-abschlussball.de\/wp-content\/uploads\/2026\/05\/984300b38689677f8f077ca0e2fed6c3786eefb8-18x10.jpg 18w\" sizes=\"auto, (max-width: 1440px) 100vw, 1440px\" \/><\/figure>\n<\/div>\n<\/div>\n<\/div>\n","protected":false},"excerpt":{"rendered":"<p>Willkommen zum OBS-Alex-Abschlussball Erleben Sie den Countdown zum unvergesslichen Abschlussball unter dem Motto &#8222;Red Carpet&#8220; und entdecken Sie alle wichtigen Informationen f\u00fcr diesen besonderen Abend. Countdown beginnt am 19.06.2026 um 20:00 Uhr Erleben Sie spannende Fakten und Highlights rund um unseren einzigartigen Abschlussball. Nur noch: Tage bis zum Event Nur noch wenige Wochen bis zum [&hellip;]<\/p>\n","protected":false},"author":1,"featured_media":0,"parent":0,"menu_order":0,"comment_status":"closed","ping_status":"closed","template":"no-title","meta":{"footnotes":""},"class_list":["post-14","page","type-page","status-publish","hentry"],"_links":{"self":[{"href":"https:\/\/obs-alex-abschlussball.de\/en\/wp-json\/wp\/v2\/pages\/14","targetHints":{"allow":["GET"]}}],"collection":[{"href":"https:\/\/obs-alex-abschlussball.de\/en\/wp-json\/wp\/v2\/pages"}],"about":[{"href":"https:\/\/obs-alex-abschlussball.de\/en\/wp-json\/wp\/v2\/types\/page"}],"author":[{"embeddable":true,"href":"https:\/\/obs-alex-abschlussball.de\/en\/wp-json\/wp\/v2\/users\/1"}],"replies":[{"embeddable":true,"href":"https:\/\/obs-alex-abschlussball.de\/en\/wp-json\/wp\/v2\/comments?post=14"}],"version-history":[{"count":14,"href":"https:\/\/obs-alex-abschlussball.de\/en\/wp-json\/wp\/v2\/pages\/14\/revisions"}],"predecessor-version":[{"id":80,"href":"https:\/\/obs-alex-abschlussball.de\/en\/wp-json\/wp\/v2\/pages\/14\/revisions\/80"}],"wp:attachment":[{"href":"https:\/\/obs-alex-abschlussball.de\/en\/wp-json\/wp\/v2\/media?parent=14"}],"curies":[{"name":"wp","href":"https:\/\/api.w.org\/{rel}","templated":true}]}}