{"id":18,"date":"2026-05-03T19:22:45","date_gmt":"2026-05-03T19:22:45","guid":{"rendered":"https:\/\/obs-alex-abschlussball.de\/galerie\/"},"modified":"2026-05-03T19:36:59","modified_gmt":"2026-05-03T19:36:59","slug":"galerie","status":"publish","type":"page","link":"https:\/\/obs-alex-abschlussball.de\/en\/galerie\/","title":{"rendered":"Galerie"},"content":{"rendered":"<div class=\"wp-block-group alignfull is-style-ext-preset--group--natural-1--section has-background-background-color has-background has-global-padding is-layout-constrained wp-container-core-group-is-layout-f72f1611 wp-block-group-is-layout-constrained is-style-ext-preset--group--natural-1--section--1\" id=\"galerie\" style=\"margin-top:0;margin-bottom:0;padding-top:var(--wp--preset--spacing--70);padding-bottom:var(--wp--preset--spacing--70)\">\n<div class=\"wp-block-group alignwide ext-is-logical-start has-global-padding is-content-justification-left is-layout-constrained wp-container-core-group-is-layout-6729bdbe wp-block-group-is-layout-constrained\">\n<h2 class=\"wp-block-heading ext-animate--on\">Entdecken Sie unsere exklusive Abschlussball-Galerie.<\/h2>\n\n\n\n<p class=\"has-text-align-left ext-animate--on\" style=\"margin-top:1.5rem\">Hier pr\u00e4sentieren wir eine faszinierende Auswahl von Bildern, die den besonderen Moment des Red Carpet Abends lebendig werden lassen.<\/p>\n<\/div>\n\n\n\n<div class=\"wp-block-columns alignwide is-layout-flex wp-container-core-columns-is-layout-87beb0d0 wp-block-columns-is-layout-flex\">\n<div class=\"wp-block-column is-vertically-aligned-top ext-animate--on is-layout-flow wp-container-core-column-is-layout-f5bb311e wp-block-column-is-layout-flow\">\n<figure class=\"wp-block-image is-style-ext-preset--image--natural-1--image-1--content-bottom is-style-ext-preset--image--natural-1--image-1--content-bottom--2\"><img loading=\"lazy\" decoding=\"async\" width=\"960\" height=\"1440\" class=\"wp-image-35\" src=\"https:\/\/obs-alex-abschlussball.de\/wp-content\/uploads\/2026\/05\/613964ccb22f57ec7328091cab6c9446079fd3a2.jpg\" alt=\"\" style=\"aspect-ratio:1;object-fit:cover\" srcset=\"https:\/\/obs-alex-abschlussball.de\/wp-content\/uploads\/2026\/05\/613964ccb22f57ec7328091cab6c9446079fd3a2.jpg 960w, https:\/\/obs-alex-abschlussball.de\/wp-content\/uploads\/2026\/05\/613964ccb22f57ec7328091cab6c9446079fd3a2-200x300.jpg 200w, https:\/\/obs-alex-abschlussball.de\/wp-content\/uploads\/2026\/05\/613964ccb22f57ec7328091cab6c9446079fd3a2-683x1024.jpg 683w, https:\/\/obs-alex-abschlussball.de\/wp-content\/uploads\/2026\/05\/613964ccb22f57ec7328091cab6c9446079fd3a2-768x1152.jpg 768w, https:\/\/obs-alex-abschlussball.de\/wp-content\/uploads\/2026\/05\/613964ccb22f57ec7328091cab6c9446079fd3a2-8x12.jpg 8w\" sizes=\"auto, (max-width: 960px) 100vw, 960px\" \/><\/figure>\n\n\n\n<figure class=\"wp-block-image is-style-ext-preset--image--natural-1--image-1--content-right is-style-ext-preset--image--natural-1--image-1--content-right--3\"><img loading=\"lazy\" decoding=\"async\" width=\"960\" height=\"1440\" class=\"wp-image-34\" src=\"https:\/\/obs-alex-abschlussball.de\/wp-content\/uploads\/2026\/05\/8a1282ca05f4ef66dbbcc54d815f33d6d0368d67.jpg\" alt=\"\" style=\"aspect-ratio:4\/3;object-fit:cover\" srcset=\"https:\/\/obs-alex-abschlussball.de\/wp-content\/uploads\/2026\/05\/8a1282ca05f4ef66dbbcc54d815f33d6d0368d67.jpg 960w, https:\/\/obs-alex-abschlussball.de\/wp-content\/uploads\/2026\/05\/8a1282ca05f4ef66dbbcc54d815f33d6d0368d67-200x300.jpg 200w, https:\/\/obs-alex-abschlussball.de\/wp-content\/uploads\/2026\/05\/8a1282ca05f4ef66dbbcc54d815f33d6d0368d67-683x1024.jpg 683w, https:\/\/obs-alex-abschlussball.de\/wp-content\/uploads\/2026\/05\/8a1282ca05f4ef66dbbcc54d815f33d6d0368d67-768x1152.jpg 768w, https:\/\/obs-alex-abschlussball.de\/wp-content\/uploads\/2026\/05\/8a1282ca05f4ef66dbbcc54d815f33d6d0368d67-8x12.jpg 8w\" sizes=\"auto, (max-width: 960px) 100vw, 960px\" \/><\/figure>\n<\/div>\n\n\n\n<div class=\"wp-block-column is-vertically-aligned-top ext-animate--on is-layout-flow wp-container-core-column-is-layout-f5bb311e wp-block-column-is-layout-flow\">\n<figure class=\"wp-block-image is-style-ext-preset--image--natural-1--image-1--content-left is-style-ext-preset--image--natural-1--image-1--content-left--4\"><img loading=\"lazy\" decoding=\"async\" width=\"961\" height=\"1440\" class=\"wp-image-39\" src=\"https:\/\/obs-alex-abschlussball.de\/wp-content\/uploads\/2026\/05\/b5e30a4b4b7477e2d420067c24926cc49ea1fc15.jpg\" alt=\"\" style=\"aspect-ratio:4\/3;object-fit:cover\" srcset=\"https:\/\/obs-alex-abschlussball.de\/wp-content\/uploads\/2026\/05\/b5e30a4b4b7477e2d420067c24926cc49ea1fc15.jpg 961w, https:\/\/obs-alex-abschlussball.de\/wp-content\/uploads\/2026\/05\/b5e30a4b4b7477e2d420067c24926cc49ea1fc15-200x300.jpg 200w, https:\/\/obs-alex-abschlussball.de\/wp-content\/uploads\/2026\/05\/b5e30a4b4b7477e2d420067c24926cc49ea1fc15-683x1024.jpg 683w, https:\/\/obs-alex-abschlussball.de\/wp-content\/uploads\/2026\/05\/b5e30a4b4b7477e2d420067c24926cc49ea1fc15-768x1151.jpg 768w, https:\/\/obs-alex-abschlussball.de\/wp-content\/uploads\/2026\/05\/b5e30a4b4b7477e2d420067c24926cc49ea1fc15-8x12.jpg 8w\" sizes=\"auto, (max-width: 961px) 100vw, 961px\" \/><\/figure>\n\n\n\n<figure class=\"wp-block-image is-style-ext-preset--image--natural-1--image-1--content-left is-style-ext-preset--image--natural-1--image-1--content-left--5\"><img loading=\"lazy\" decoding=\"async\" width=\"1440\" height=\"961\" class=\"wp-image-33\" src=\"https:\/\/obs-alex-abschlussball.de\/wp-content\/uploads\/2026\/05\/73a1d03211b41942dace3b39d7a89a7a7762b9d4.jpg\" alt=\"\" style=\"aspect-ratio:1;object-fit:cover\" srcset=\"https:\/\/obs-alex-abschlussball.de\/wp-content\/uploads\/2026\/05\/73a1d03211b41942dace3b39d7a89a7a7762b9d4.jpg 1440w, https:\/\/obs-alex-abschlussball.de\/wp-content\/uploads\/2026\/05\/73a1d03211b41942dace3b39d7a89a7a7762b9d4-300x200.jpg 300w, https:\/\/obs-alex-abschlussball.de\/wp-content\/uploads\/2026\/05\/73a1d03211b41942dace3b39d7a89a7a7762b9d4-1024x683.jpg 1024w, https:\/\/obs-alex-abschlussball.de\/wp-content\/uploads\/2026\/05\/73a1d03211b41942dace3b39d7a89a7a7762b9d4-768x513.jpg 768w, https:\/\/obs-alex-abschlussball.de\/wp-content\/uploads\/2026\/05\/73a1d03211b41942dace3b39d7a89a7a7762b9d4-18x12.jpg 18w\" sizes=\"auto, (max-width: 1440px) 100vw, 1440px\" \/><\/figure>\n<\/div>\n<\/div>\n<\/div>\n\n<div class=\"wp-block-group alignfull is-style-ext-preset--group--natural-1--section has-tertiary-background-color has-background has-global-padding is-layout-constrained wp-container-core-group-is-layout-e955bbaf wp-block-group-is-layout-constrained is-style-ext-preset--group--natural-1--section--6\" style=\"margin-top:0;margin-bottom:0;padding-top:var(--wp--preset--spacing--70);padding-bottom:var(--wp--preset--spacing--70)\">\n<div class=\"wp-block-group alignwide ext-is-logical-start has-global-padding is-content-justification-left is-layout-constrained wp-container-core-group-is-layout-6729bdbe wp-block-group-is-layout-constrained\">\n<h2 class=\"wp-block-heading ext-animate--on\">Unvergessliche Momente von unserem Abschlussball<\/h2>\n\n\n\n<p class=\"ext-animate--on\">Dieser Bereich zeigt dir, wie du dich anmeldest und den roten Teppich bei unserem Event genie\u00dft.<\/p>\n<\/div>\n\n\n\n<div class=\"wp-block-media-text alignwide has-media-on-the-right is-stacked-on-mobile is-image-fill-element is-style-ext-preset--media-text--natural-1--card-1 ext-animate--on is-style-ext-preset--media-text--natural-1--card-1--7\"><div class=\"wp-block-media-text__content\">\n<div class=\"wp-block-group alignwide is-vertical is-layout-flex wp-container-core-group-is-layout-53474e87 wp-block-group-is-layout-flex\" style=\"padding-top:var(--wp--preset--spacing--60);padding-bottom:var(--wp--preset--spacing--60)\">\n<div class=\"wp-block-group has-global-padding is-layout-constrained wp-container-core-group-is-layout-812d5580 wp-block-group-is-layout-constrained\" style=\"padding-top:0;padding-right:0;padding-bottom:0;padding-left:0\">\n<h3 class=\"wp-block-heading\">Wie der rote Teppich die Magie des Abends entfaltet.<\/h3>\n\n\n\n<p>Hier zeigen wir, wie unser Abschlussball die Gemeinschaft st\u00e4rkt, unvergessliche Erlebnisse schafft und alle zum Strahlen bringt.<\/p>\n<\/div>\n<\/div>\n<\/div><figure class=\"wp-block-media-text__media\"><img loading=\"lazy\" decoding=\"async\" width=\"1280\" height=\"1920\" class=\"wp-image-47 size-full\" src=\"https:\/\/obs-alex-abschlussball.de\/wp-content\/uploads\/2026\/05\/cc2297ed0d976c37cbd460dfe1eedc430439fd68.jpg\" alt=\"\" style=\"object-position:50% 50%\" srcset=\"https:\/\/obs-alex-abschlussball.de\/wp-content\/uploads\/2026\/05\/cc2297ed0d976c37cbd460dfe1eedc430439fd68.jpg 1280w, https:\/\/obs-alex-abschlussball.de\/wp-content\/uploads\/2026\/05\/cc2297ed0d976c37cbd460dfe1eedc430439fd68-200x300.jpg 200w, https:\/\/obs-alex-abschlussball.de\/wp-content\/uploads\/2026\/05\/cc2297ed0d976c37cbd460dfe1eedc430439fd68-683x1024.jpg 683w, https:\/\/obs-alex-abschlussball.de\/wp-content\/uploads\/2026\/05\/cc2297ed0d976c37cbd460dfe1eedc430439fd68-768x1152.jpg 768w, https:\/\/obs-alex-abschlussball.de\/wp-content\/uploads\/2026\/05\/cc2297ed0d976c37cbd460dfe1eedc430439fd68-1024x1536.jpg 1024w, https:\/\/obs-alex-abschlussball.de\/wp-content\/uploads\/2026\/05\/cc2297ed0d976c37cbd460dfe1eedc430439fd68-8x12.jpg 8w\" sizes=\"auto, (max-width: 1280px) 100vw, 1280px\" \/><\/figure><\/div>\n\n\n\n<div class=\"wp-block-media-text alignwide is-stacked-on-mobile is-image-fill-element is-style-ext-preset--media-text--natural-1--card-1 ext-animate--on is-style-ext-preset--media-text--natural-1--card-1--8\" style=\"margin-top:var(--wp--preset--spacing--40)\"><figure class=\"wp-block-media-text__media\"><img loading=\"lazy\" decoding=\"async\" width=\"1280\" height=\"1920\" class=\"wp-image-42 size-full\" src=\"https:\/\/obs-alex-abschlussball.de\/wp-content\/uploads\/2026\/05\/36a54e0622f55fe74c283ea0fec349967e420444.jpg\" alt=\"\" style=\"object-position:50% 50%\" srcset=\"https:\/\/obs-alex-abschlussball.de\/wp-content\/uploads\/2026\/05\/36a54e0622f55fe74c283ea0fec349967e420444.jpg 1280w, https:\/\/obs-alex-abschlussball.de\/wp-content\/uploads\/2026\/05\/36a54e0622f55fe74c283ea0fec349967e420444-200x300.jpg 200w, https:\/\/obs-alex-abschlussball.de\/wp-content\/uploads\/2026\/05\/36a54e0622f55fe74c283ea0fec349967e420444-683x1024.jpg 683w, https:\/\/obs-alex-abschlussball.de\/wp-content\/uploads\/2026\/05\/36a54e0622f55fe74c283ea0fec349967e420444-768x1152.jpg 768w, https:\/\/obs-alex-abschlussball.de\/wp-content\/uploads\/2026\/05\/36a54e0622f55fe74c283ea0fec349967e420444-1024x1536.jpg 1024w, https:\/\/obs-alex-abschlussball.de\/wp-content\/uploads\/2026\/05\/36a54e0622f55fe74c283ea0fec349967e420444-8x12.jpg 8w\" sizes=\"auto, (max-width: 1280px) 100vw, 1280px\" \/><\/figure><div class=\"wp-block-media-text__content\">\n<div class=\"wp-block-group alignwide is-vertical is-layout-flex wp-container-core-group-is-layout-53474e87 wp-block-group-is-layout-flex\" style=\"padding-top:var(--wp--preset--spacing--60);padding-bottom:var(--wp--preset--spacing--60)\">\n<div class=\"wp-block-group has-global-padding is-layout-constrained wp-container-core-group-is-layout-812d5580 wp-block-group-is-layout-constrained\" style=\"padding-top:0;padding-right:0;padding-bottom:0;padding-left:0\">\n<h3 class=\"wp-block-heading\">Ein Abend voller Glanz und bleibender Erinnerungen<\/h3>\n\n\n\n<p>Diese Geschichte erz\u00e4hlt, wie unser Abschlussball die Vorfreude steigert und die sch\u00f6nsten Momente f\u00fcr alle G\u00e4ste bereith\u00e4lt.<\/p>\n<\/div>\n<\/div>\n<\/div><\/div>\n\n\n\n<div class=\"wp-block-media-text alignwide has-media-on-the-right is-stacked-on-mobile is-image-fill-element is-style-ext-preset--media-text--natural-1--card-1 ext-animate--on is-style-ext-preset--media-text--natural-1--card-1--9\" style=\"margin-top:var(--wp--preset--spacing--40)\"><div class=\"wp-block-media-text__content\">\n<div class=\"wp-block-group alignwide is-vertical is-layout-flex wp-container-core-group-is-layout-53474e87 wp-block-group-is-layout-flex\" style=\"padding-top:var(--wp--preset--spacing--60);padding-bottom:var(--wp--preset--spacing--60)\">\n<div class=\"wp-block-group has-global-padding is-layout-constrained wp-container-core-group-is-layout-812d5580 wp-block-group-is-layout-constrained\" style=\"padding-top:0;padding-right:0;padding-bottom:0;padding-left:0\">\n<h3 class=\"wp-block-heading\">Glanzvolle Events mit unserem einzigartigen Red Carpet Konzept.<\/h3>\n\n\n\n<p>Erfahre, wie unser Abschlussball unvergessliche Augenblicke kreiert, Gemeinschaft f\u00f6rdert und den roten Teppich zum Leben erweckt.<\/p>\n<\/div>\n<\/div>\n<\/div><figure class=\"wp-block-media-text__media\"><img loading=\"lazy\" decoding=\"async\" width=\"1280\" height=\"1828\" class=\"wp-image-43 size-full\" src=\"https:\/\/obs-alex-abschlussball.de\/wp-content\/uploads\/2026\/05\/2b783ce0fcce64ff67550eff598174e761599f21.jpg\" alt=\"\" style=\"object-position:50% 50%\" srcset=\"https:\/\/obs-alex-abschlussball.de\/wp-content\/uploads\/2026\/05\/2b783ce0fcce64ff67550eff598174e761599f21.jpg 1280w, https:\/\/obs-alex-abschlussball.de\/wp-content\/uploads\/2026\/05\/2b783ce0fcce64ff67550eff598174e761599f21-210x300.jpg 210w, https:\/\/obs-alex-abschlussball.de\/wp-content\/uploads\/2026\/05\/2b783ce0fcce64ff67550eff598174e761599f21-717x1024.jpg 717w, https:\/\/obs-alex-abschlussball.de\/wp-content\/uploads\/2026\/05\/2b783ce0fcce64ff67550eff598174e761599f21-768x1097.jpg 768w, https:\/\/obs-alex-abschlussball.de\/wp-content\/uploads\/2026\/05\/2b783ce0fcce64ff67550eff598174e761599f21-1076x1536.jpg 1076w, https:\/\/obs-alex-abschlussball.de\/wp-content\/uploads\/2026\/05\/2b783ce0fcce64ff67550eff598174e761599f21-8x12.jpg 8w\" sizes=\"auto, (max-width: 1280px) 100vw, 1280px\" \/><\/figure><\/div>\n\n\n\n<div class=\"wp-block-buttons ext-animate--on is-content-justification-center is-layout-flex wp-container-core-buttons-is-layout-a89b3969 wp-block-buttons-is-layout-flex\">\n<div class=\"wp-block-button is-style-ext-preset--button--natural-1--button-1 is-style-ext-preset--button--natural-1--button-1--10\"><a class=\"wp-block-button__link wp-element-button\" href=\"https:\/\/obs-alex-abschlussball.de\/en\/kontakt\/\">Mehr entdecken<\/a><\/div>\n<\/div>\n<\/div>\n\n<div class=\"wp-block-group alignfull is-style-ext-preset--group--natural-1--section has-background-background-color has-background has-global-padding is-layout-constrained wp-container-core-group-is-layout-e955bbaf wp-block-group-is-layout-constrained is-style-ext-preset--group--natural-1--section--11\" style=\"margin-top:0;margin-bottom:0;padding-top:var(--wp--preset--spacing--70);padding-bottom:var(--wp--preset--spacing--70)\">\n<div class=\"wp-block-media-text alignwide is-stacked-on-mobile is-image-fill-element is-style-ext-preset--media-text--natural-1--card-1 ext-animate--on has-tertiary-background-color has-background is-style-ext-preset--media-text--natural-1--card-1--12\"><figure class=\"wp-block-media-text__media\"><img loading=\"lazy\" decoding=\"async\" width=\"960\" height=\"1440\" class=\"wp-image-37 size-full\" src=\"https:\/\/obs-alex-abschlussball.de\/wp-content\/uploads\/2026\/05\/412d0d2966ad8b6d78ecb9033fd9a976bc5d644d.jpg\" alt=\"\" style=\"object-position:50% 50%\" srcset=\"https:\/\/obs-alex-abschlussball.de\/wp-content\/uploads\/2026\/05\/412d0d2966ad8b6d78ecb9033fd9a976bc5d644d.jpg 960w, https:\/\/obs-alex-abschlussball.de\/wp-content\/uploads\/2026\/05\/412d0d2966ad8b6d78ecb9033fd9a976bc5d644d-200x300.jpg 200w, https:\/\/obs-alex-abschlussball.de\/wp-content\/uploads\/2026\/05\/412d0d2966ad8b6d78ecb9033fd9a976bc5d644d-683x1024.jpg 683w, https:\/\/obs-alex-abschlussball.de\/wp-content\/uploads\/2026\/05\/412d0d2966ad8b6d78ecb9033fd9a976bc5d644d-768x1152.jpg 768w, https:\/\/obs-alex-abschlussball.de\/wp-content\/uploads\/2026\/05\/412d0d2966ad8b6d78ecb9033fd9a976bc5d644d-8x12.jpg 8w\" sizes=\"auto, (max-width: 960px) 100vw, 960px\" \/><\/figure><div class=\"wp-block-media-text__content\">\n<div class=\"wp-block-group alignwide is-vertical is-layout-flex wp-container-core-group-is-layout-53474e87 wp-block-group-is-layout-flex\" style=\"padding-top:var(--wp--preset--spacing--60);padding-bottom:var(--wp--preset--spacing--60)\">\n<div class=\"wp-block-group has-global-padding is-layout-constrained wp-container-core-group-is-layout-812d5580 wp-block-group-is-layout-constrained\" style=\"padding-top:0;padding-right:0;padding-bottom:0;padding-left:0\">\n<h2 class=\"wp-block-heading\">Erleben Sie den Glanz des roten Teppichs<\/h2>\n\n\n\n<p>Entdecken Sie exklusive Eindr\u00fccke vom Abschlussball und lassen Sie sich von der festlichen Atmosph\u00e4re inspirieren. Melden Sie sich an, um Zugang zu weiteren Highlights zu erhalten und Teil unseres besonderen Events zu werden.<\/p>\n<\/div>\n\n\n\n<div class=\"wp-block-buttons is-layout-flex wp-block-buttons-is-layout-flex\">\n<div class=\"wp-block-button is-style-ext-preset--button--natural-1--button-1 is-style-ext-preset--button--natural-1--button-1--13\"><a class=\"wp-block-button__link wp-element-button\" href=\"https:\/\/obs-alex-abschlussball.de\/en\/kontakt\/\">Galerie entdecken<\/a><\/div>\n<\/div>\n<\/div>\n<\/div><\/div>\n<\/div>","protected":false},"excerpt":{"rendered":"<p>Entdecken Sie unsere exklusive Abschlussball-Galerie. Hier pr\u00e4sentieren wir eine faszinierende Auswahl von Bildern, die den besonderen Moment des Red Carpet Abends lebendig werden lassen. Unvergessliche Momente von unserem Abschlussball Dieser Bereich zeigt dir, wie du dich anmeldest und den roten Teppich bei unserem Event genie\u00dft. Wie der rote Teppich die Magie des Abends entfaltet. Hier [&hellip;]<\/p>\n","protected":false},"author":1,"featured_media":0,"parent":0,"menu_order":0,"comment_status":"closed","ping_status":"closed","template":"page-with-title","meta":{"footnotes":""},"class_list":["post-18","page","type-page","status-publish","hentry"],"_links":{"self":[{"href":"https:\/\/obs-alex-abschlussball.de\/en\/wp-json\/wp\/v2\/pages\/18","targetHints":{"allow":["GET"]}}],"collection":[{"href":"https:\/\/obs-alex-abschlussball.de\/en\/wp-json\/wp\/v2\/pages"}],"about":[{"href":"https:\/\/obs-alex-abschlussball.de\/en\/wp-json\/wp\/v2\/types\/page"}],"author":[{"embeddable":true,"href":"https:\/\/obs-alex-abschlussball.de\/en\/wp-json\/wp\/v2\/users\/1"}],"replies":[{"embeddable":true,"href":"https:\/\/obs-alex-abschlussball.de\/en\/wp-json\/wp\/v2\/comments?post=18"}],"version-history":[{"count":2,"href":"https:\/\/obs-alex-abschlussball.de\/en\/wp-json\/wp\/v2\/pages\/18\/revisions"}],"predecessor-version":[{"id":48,"href":"https:\/\/obs-alex-abschlussball.de\/en\/wp-json\/wp\/v2\/pages\/18\/revisions\/48"}],"wp:attachment":[{"href":"https:\/\/obs-alex-abschlussball.de\/en\/wp-json\/wp\/v2\/media?parent=18"}],"curies":[{"name":"wp","href":"https:\/\/api.w.org\/{rel}","templated":true}]}}